{"id":808,"date":"2026-01-09T11:38:48","date_gmt":"2026-01-09T10:38:48","guid":{"rendered":"https:\/\/www.alucom.de\/products\/aluminum-sulfates\/"},"modified":"2026-01-22T11:12:27","modified_gmt":"2026-01-22T10:12:27","slug":"aluminum-sulfates","status":"publish","type":"page","link":"https:\/\/www.alucom.de\/en\/products\/aluminum-sulfates\/","title":{"rendered":"Aluminum sulfates"},"content":{"rendered":"\n<div class=\"wp-block-custom-blocks-hero-section\"><div class=\"frame frame-default frame-space-before frame-space-after\"><section class=\"hero-section hero-home\"><div class=\"bg-img\"><img decoding=\"async\" src=\"https:\/\/www.alucom.de\/wp-content\/uploads\/2026\/01\/AS-fest-Reihe-scaled-1-1024x683-1.webp\" alt=\"\"\/><div class=\"https:\/\/www.alucom.de\/wp-content\/themes\/alucom\/img-overlay\"><\/div><\/div><div class=\"bg-shape\"><img decoding=\"async\" src=\"https:\/\/www.alucom.de\/wp-content\/themes\/alucom\/img\/hero-shape.png\" alt=\"\"\/><\/div><div class=\"container\"><div class=\"row\"><div class=\"col-lg-12 position-static\"><div class=\"white-box\"><h1 class=\"text-color-primary\">aluminum sulfates<\/h1><br\/><p>As Germany&#8217;s largest aluminum sulfate manufacturer, we offer various aluminum sulfates for diverse applications ranging from food quality to tunneling. See for yourself.<\/p><br\/><\/div><\/div><\/div><\/div><\/section><\/div><div class=\"frame frame-default frame-space-before-small frame-space-after-small breadcrumb-wrapper\"><section><div class=\"container\"><div class=\"row\"><div class=\"col-lg-12\"><nav aria-label=\"breadcrumb\"><ol class=\"breadcrumb\"><li class=\"breadcrumb-item\"><a href=\"https:\/\/www.alucom.de\/en\/\">Home<\/a><\/li><li class=\"breadcrumb-item\"><a href=\"https:\/\/www.alucom.de\/en\/products\/\">Products<\/a><\/li><li class=\"breadcrumb-item active\" aria-current=\"page\">Aluminum sulfates<\/li><\/ol><\/nav><\/div><\/div><\/div><\/section><\/div><\/div>\n\n\n\n<div class=\"wp-block-custom-blocks-anchor-box\"><div class=\"frame frame-default frame-space-before-extra-large frame-space-after-large\"><section class=\"\"><div class=\"bg-shape \"><img decoding=\"async\" src=\"https:\/\/www.alucom.de\/wp-content\/themes\/alucom\/img\/-shape-.png\" alt=\"\"\/><\/div><div class=\"container\"><div class=\"row\"><div class=\"col-lg-12\"><div class=\"anchor-box-block\"><div class=\"row\"><div class=\"col-lg-5\"><div class=\"anchor-box\"><h3>Aluminum sulfates<\/h3><br\/><ul><li><a href=\"#block1\" class=\"anchor-link\"><img decoding=\"async\" src=\"https:\/\/www.alucom.de\/wp-content\/themes\/alucom\/img\/right-arrow-red.svg\" alt=\"\"\/>Aluminum sulfates, solid and liquid<\/a><\/li><li><a href=\"#block2\" class=\"anchor-link\"><img decoding=\"async\" src=\"https:\/\/www.alucom.de\/wp-content\/themes\/alucom\/img\/right-arrow-red.svg\" alt=\"\"\/>Application areas and purity criteria<\/a><\/li><li><a href=\"#block3\" class=\"anchor-link\"><img decoding=\"async\" src=\"https:\/\/www.alucom.de\/wp-content\/themes\/alucom\/img\/right-arrow-red.svg\" alt=\"\"\/>Grain sizes and purchase quantities<\/a><\/li><\/ul><br\/><a href=\"https:\/\/www.alucom.de\/en\/contact\/\" class=\"btn btn-primary\">Contact<\/a><\/div><\/div><div class=\"col-lg-6 offset-lg-1\"><div class=\"text-container sections\"><div class=\"single-text-content\" id=\"block1\"><h2 class=\"text-color-primary\">Aluminum sulfates, solid and liquid<\/h2><br\/><div><p>As Germany&#8217;s largest manufacturer of aluminum sulfate, ALUCOM AG offers you various product variants in liquid and solid form.<br><br>Aluminum sulfate is impressive due to its versatile application possibilities, for example as a flocculant in water treatment, in paper production, as an accelerator in cement-bound systems, as a thickener and adsorbent through pH-controlled aluminum hydroxide formation, as well as a desiccant and aluminum source for chemical synthesis.<br><br>ALUCOM AG produces aluminum sulfates with various contents as a solution and solid (including the anhydrous form):<\/p><br\/><\/div><ul><li><span><strong>Aluminum sulfate solution 8% Al<sub>2<\/sub>O<sub>3<\/sub><\/strong><\/span><\/li><li><span><strong>Solid standard aluminum sulfate 17-18% Al<sub>2<\/sub>O<sub>3<\/sub><\/strong><\/span><\/li><li><span><strong>Solid aluminum sulfate 22-23% Al<sub>2<\/sub>O<sub>3<\/sub><\/strong><\/span><\/li><li><span><strong>Solid anhydrous aluminum sulfate 29% Al<sub>2<\/sub>O<sub>3<\/sub><\/strong><\/span><\/li><\/ul><\/div><div class=\"single-text-content\" id=\"block2\"><h2 class=\"text-color-primary\">Application areas and purity criteria<\/h2><br\/><div><p>We supply our aluminum sulfates to customers with various application areas, which typically result in different purity requirements, all of which we can meet.<\/p><br\/><\/div><ul><li><span><strong>Paper production: white color and meets the requirements of the XXXVI recommendation of the BfR (papers, cartons and cardboard for food contact) <\/strong><\/span><\/li><li><span><strong>EN 878 for drinking water treatments<\/strong><\/span><\/li><li><span><strong>Food Grade \/ food quality E520<\/strong><\/span><\/li><li><span><strong>low iron content<\/strong><\/span><\/li><li><span><strong>Pharma<\/strong><\/span><\/li><li><span><strong>Wastewater treatment plants<\/strong><\/span><\/li><li><span><strong>various industrial applications<\/strong><\/span><\/li><li><span><strong>Construction industry with CE certification according to EN 934<\/strong><\/span><\/li><\/ul><div><p>We would be happy to explain further specifications on request. Please do not hesitate to contact us if you have any special requests. <\/p><\/div><\/div><div class=\"single-text-content\" id=\"block3\"><h2 class=\"text-color-primary\">Grain sizes and purchase quantities<\/h2><br\/><div><p><br>Depending on customer requirements, we offer our solid aluminum sulfates in different grain sizes:<\/p><br\/><\/div><ul><li><span><strong>ground<\/strong><\/span><\/li><li><span><strong>grained<\/strong><\/span><\/li><li><span><strong>pea-sized<\/strong><\/span><\/li><li><span><strong>pieces<\/strong><\/span><\/li><\/ul><div><p><br>Whether in IBC, tank truck, sack or big bag: we always provide you with the appropriate packaging and delivery form for the quantity you require.<\/p><\/div><\/div><\/div><\/div><\/div><\/div><\/div><\/div><\/div><\/section><\/div><\/div>\n","protected":false},"excerpt":{"rendered":"<p>Als Deutschlands gr\u00f6\u00dfter Aluminiumsulfat-Hersteller bieten wir Ihnen Produkte f\u00fcr vielf\u00e4ltige Anwendungsbereiche an, von Lebensmittelqualit\u00e4t bis hin zum Tunnelbau.<\/p>\n","protected":false},"author":1,"featured_media":0,"parent":766,"menu_order":0,"comment_status":"closed","ping_status":"closed","template":"","meta":{"footnotes":""},"class_list":["post-808","page","type-page","status-publish","hentry"],"yoast_head":"<!-- This site is optimized with the Yoast SEO plugin v27.4 - https:\/\/yoast.com\/product\/yoast-seo-wordpress\/ -->\n<title>Aluminum sulfates - ALUCOM<\/title>\n<meta name=\"robots\" content=\"index, follow, max-snippet:-1, max-image-preview:large, max-video-preview:-1\" \/>\n<link rel=\"canonical\" href=\"https:\/\/www.alucom.de\/en\/products\/aluminum-sulfates\/\" \/>\n<meta property=\"og:locale\" content=\"en_US\" \/>\n<meta property=\"og:type\" content=\"article\" \/>\n<meta property=\"og:title\" content=\"Aluminum sulfates - ALUCOM\" \/>\n<meta property=\"og:description\" content=\"Als Deutschlands gr\u00f6\u00dfter Aluminiumsulfat-Hersteller bieten wir Ihnen Produkte f\u00fcr vielf\u00e4ltige Anwendungsbereiche an, von Lebensmittelqualit\u00e4t bis hin zum Tunnelbau.\" \/>\n<meta property=\"og:url\" content=\"https:\/\/www.alucom.de\/en\/products\/aluminum-sulfates\/\" \/>\n<meta property=\"og:site_name\" content=\"ALUCOM\" \/>\n<meta property=\"article:modified_time\" content=\"2026-01-22T10:12:27+00:00\" \/>\n<meta property=\"og:image\" content=\"https:\/\/www.alucom.de\/wp-content\/uploads\/2026\/01\/AS-fest-Reihe-scaled-1-1024x683-1.webp\" \/>\n<meta name=\"twitter:card\" content=\"summary_large_image\" \/>\n<meta name=\"twitter:label1\" content=\"Est. reading time\" \/>\n\t<meta name=\"twitter:data1\" content=\"1 minute\" \/>\n<script type=\"application\/ld+json\" class=\"yoast-schema-graph\">{\"@context\":\"https:\\\/\\\/schema.org\",\"@graph\":[{\"@type\":\"WebPage\",\"@id\":\"https:\\\/\\\/www.alucom.de\\\/en\\\/products\\\/aluminum-sulfates\\\/\",\"url\":\"https:\\\/\\\/www.alucom.de\\\/en\\\/products\\\/aluminum-sulfates\\\/\",\"name\":\"Aluminum sulfates - ALUCOM\",\"isPartOf\":{\"@id\":\"https:\\\/\\\/www.alucom.de\\\/en\\\/#website\"},\"primaryImageOfPage\":{\"@id\":\"https:\\\/\\\/www.alucom.de\\\/en\\\/products\\\/aluminum-sulfates\\\/#primaryimage\"},\"image\":{\"@id\":\"https:\\\/\\\/www.alucom.de\\\/en\\\/products\\\/aluminum-sulfates\\\/#primaryimage\"},\"thumbnailUrl\":\"https:\\\/\\\/www.alucom.de\\\/wp-content\\\/uploads\\\/2026\\\/01\\\/AS-fest-Reihe-scaled-1-1024x683-1.webp\",\"datePublished\":\"2026-01-09T10:38:48+00:00\",\"dateModified\":\"2026-01-22T10:12:27+00:00\",\"breadcrumb\":{\"@id\":\"https:\\\/\\\/www.alucom.de\\\/en\\\/products\\\/aluminum-sulfates\\\/#breadcrumb\"},\"inLanguage\":\"en-US\",\"potentialAction\":[{\"@type\":\"ReadAction\",\"target\":[\"https:\\\/\\\/www.alucom.de\\\/en\\\/products\\\/aluminum-sulfates\\\/\"]}]},{\"@type\":\"ImageObject\",\"inLanguage\":\"en-US\",\"@id\":\"https:\\\/\\\/www.alucom.de\\\/en\\\/products\\\/aluminum-sulfates\\\/#primaryimage\",\"url\":\"https:\\\/\\\/www.alucom.de\\\/wp-content\\\/uploads\\\/2026\\\/01\\\/AS-fest-Reihe-scaled-1-1024x683-1.webp\",\"contentUrl\":\"https:\\\/\\\/www.alucom.de\\\/wp-content\\\/uploads\\\/2026\\\/01\\\/AS-fest-Reihe-scaled-1-1024x683-1.webp\"},{\"@type\":\"BreadcrumbList\",\"@id\":\"https:\\\/\\\/www.alucom.de\\\/en\\\/products\\\/aluminum-sulfates\\\/#breadcrumb\",\"itemListElement\":[{\"@type\":\"ListItem\",\"position\":1,\"name\":\"Start\",\"item\":\"https:\\\/\\\/www.alucom.de\\\/en\\\/\"},{\"@type\":\"ListItem\",\"position\":2,\"name\":\"Products\",\"item\":\"https:\\\/\\\/www.alucom.de\\\/en\\\/products\\\/\"},{\"@type\":\"ListItem\",\"position\":3,\"name\":\"Aluminum sulfates\"}]},{\"@type\":\"WebSite\",\"@id\":\"https:\\\/\\\/www.alucom.de\\\/en\\\/#website\",\"url\":\"https:\\\/\\\/www.alucom.de\\\/en\\\/\",\"name\":\"ALUCOM\",\"description\":\"\",\"potentialAction\":[{\"@type\":\"SearchAction\",\"target\":{\"@type\":\"EntryPoint\",\"urlTemplate\":\"https:\\\/\\\/www.alucom.de\\\/en\\\/?s={search_term_string}\"},\"query-input\":{\"@type\":\"PropertyValueSpecification\",\"valueRequired\":true,\"valueName\":\"search_term_string\"}}],\"inLanguage\":\"en-US\"}]}<\/script>\n<!-- \/ Yoast SEO plugin. -->","yoast_head_json":{"title":"Aluminum sulfates - ALUCOM","robots":{"index":"index","follow":"follow","max-snippet":"max-snippet:-1","max-image-preview":"max-image-preview:large","max-video-preview":"max-video-preview:-1"},"canonical":"https:\/\/www.alucom.de\/en\/products\/aluminum-sulfates\/","og_locale":"en_US","og_type":"article","og_title":"Aluminum sulfates - ALUCOM","og_description":"Als Deutschlands gr\u00f6\u00dfter Aluminiumsulfat-Hersteller bieten wir Ihnen Produkte f\u00fcr vielf\u00e4ltige Anwendungsbereiche an, von Lebensmittelqualit\u00e4t bis hin zum Tunnelbau.","og_url":"https:\/\/www.alucom.de\/en\/products\/aluminum-sulfates\/","og_site_name":"ALUCOM","article_modified_time":"2026-01-22T10:12:27+00:00","og_image":[{"url":"https:\/\/www.alucom.de\/wp-content\/uploads\/2026\/01\/AS-fest-Reihe-scaled-1-1024x683-1.webp","type":"","width":"","height":""}],"twitter_card":"summary_large_image","twitter_misc":{"Est. reading time":"1 minute"},"schema":{"@context":"https:\/\/schema.org","@graph":[{"@type":"WebPage","@id":"https:\/\/www.alucom.de\/en\/products\/aluminum-sulfates\/","url":"https:\/\/www.alucom.de\/en\/products\/aluminum-sulfates\/","name":"Aluminum sulfates - ALUCOM","isPartOf":{"@id":"https:\/\/www.alucom.de\/en\/#website"},"primaryImageOfPage":{"@id":"https:\/\/www.alucom.de\/en\/products\/aluminum-sulfates\/#primaryimage"},"image":{"@id":"https:\/\/www.alucom.de\/en\/products\/aluminum-sulfates\/#primaryimage"},"thumbnailUrl":"https:\/\/www.alucom.de\/wp-content\/uploads\/2026\/01\/AS-fest-Reihe-scaled-1-1024x683-1.webp","datePublished":"2026-01-09T10:38:48+00:00","dateModified":"2026-01-22T10:12:27+00:00","breadcrumb":{"@id":"https:\/\/www.alucom.de\/en\/products\/aluminum-sulfates\/#breadcrumb"},"inLanguage":"en-US","potentialAction":[{"@type":"ReadAction","target":["https:\/\/www.alucom.de\/en\/products\/aluminum-sulfates\/"]}]},{"@type":"ImageObject","inLanguage":"en-US","@id":"https:\/\/www.alucom.de\/en\/products\/aluminum-sulfates\/#primaryimage","url":"https:\/\/www.alucom.de\/wp-content\/uploads\/2026\/01\/AS-fest-Reihe-scaled-1-1024x683-1.webp","contentUrl":"https:\/\/www.alucom.de\/wp-content\/uploads\/2026\/01\/AS-fest-Reihe-scaled-1-1024x683-1.webp"},{"@type":"BreadcrumbList","@id":"https:\/\/www.alucom.de\/en\/products\/aluminum-sulfates\/#breadcrumb","itemListElement":[{"@type":"ListItem","position":1,"name":"Start","item":"https:\/\/www.alucom.de\/en\/"},{"@type":"ListItem","position":2,"name":"Products","item":"https:\/\/www.alucom.de\/en\/products\/"},{"@type":"ListItem","position":3,"name":"Aluminum sulfates"}]},{"@type":"WebSite","@id":"https:\/\/www.alucom.de\/en\/#website","url":"https:\/\/www.alucom.de\/en\/","name":"ALUCOM","description":"","potentialAction":[{"@type":"SearchAction","target":{"@type":"EntryPoint","urlTemplate":"https:\/\/www.alucom.de\/en\/?s={search_term_string}"},"query-input":{"@type":"PropertyValueSpecification","valueRequired":true,"valueName":"search_term_string"}}],"inLanguage":"en-US"}]}},"featured_image_src":false,"_links":{"self":[{"href":"https:\/\/www.alucom.de\/en\/wp-json\/wp\/v2\/pages\/808","targetHints":{"allow":["GET"]}}],"collection":[{"href":"https:\/\/www.alucom.de\/en\/wp-json\/wp\/v2\/pages"}],"about":[{"href":"https:\/\/www.alucom.de\/en\/wp-json\/wp\/v2\/types\/page"}],"author":[{"embeddable":true,"href":"https:\/\/www.alucom.de\/en\/wp-json\/wp\/v2\/users\/1"}],"replies":[{"embeddable":true,"href":"https:\/\/www.alucom.de\/en\/wp-json\/wp\/v2\/comments?post=808"}],"version-history":[{"count":4,"href":"https:\/\/www.alucom.de\/en\/wp-json\/wp\/v2\/pages\/808\/revisions"}],"predecessor-version":[{"id":1024,"href":"https:\/\/www.alucom.de\/en\/wp-json\/wp\/v2\/pages\/808\/revisions\/1024"}],"up":[{"embeddable":true,"href":"https:\/\/www.alucom.de\/en\/wp-json\/wp\/v2\/pages\/766"}],"wp:attachment":[{"href":"https:\/\/www.alucom.de\/en\/wp-json\/wp\/v2\/media?parent=808"}],"curies":[{"name":"wp","href":"https:\/\/api.w.org\/{rel}","templated":true}]}}